{"id":1054,"date":"2018-10-24T11:02:21","date_gmt":"2018-10-24T10:02:21","guid":{"rendered":"http:\/\/carthage-tech.net\/demo\/mirador\/?page_id=1054"},"modified":"2018-10-24T11:02:21","modified_gmt":"2018-10-24T10:02:21","slug":"spa-detente","status":"publish","type":"page","link":"https:\/\/miradorpalace.com\/?page_id=1054","title":{"rendered":"SPA &amp; D\u00e9tente"},"content":{"rendered":"<div class=\"wpb-content-wrapper\"><p>[vc_row][vc_column]<div id=\"cz_34549\" class=\"cz_34549 cz_title clr cz_title_pos_inline tac\"><div class=\"cz_title_shape shape_text cz_shape_1\">BIEN \u00caTRE<\/div><div class=\"cz_title_content\"><div class=\"cz_wpe_content\"><h3 style=\"text-align: center\"><span style=\"font-size: 46px\">SPA <span style=\"color: #cc8e5b\">&amp; D\u00e9tente<\/span><\/span><\/h3>\n<\/div><\/div><\/div>[\/vc_column][\/vc_row][vc_row][vc_column width=\u00a0\u00bb1\/6&Prime;][\/vc_column][vc_column width=\u00a0\u00bb4\/6&Prime;]<div class=\"cz_gap clr  hide_on_tablet hide_on_mobile\" style=\"height: 60px\"><\/div><div class=\"cz_gap show_on_tablet clr  show_only_tablet\" style=\"height: 40px\"><\/div><div class=\"cz_gap show_on_mobile clr\" style=\"height: 30px\"><\/div>[vc_column_text]<span style=\"color: #4a4a4a;font-size: 18px\">Nos soins du visage et du corps aux r\u00e9sultats prouv\u00e9s sont con\u00e7us exclusivement pour la station et personnalis\u00e9s pour chaque client. D\u00e9couvrez les vertues nettoyantes et purifiantes des plantes indig\u00e8nes du pays combin\u00e9es aux les \u00e9l\u00e9ments rafra\u00eechissants et r\u00e9confortants de la mer M\u00e9diterran\u00e9e. Faites confiance aux mains expertes de nos sp\u00e9cialistes, consacr\u00e9s \u00e0 vous faire d\u00e9couvrir un nouveau degr\u00e9 de bien-\u00eatre avec un large \u00e9ventail de soins thalasso, m\u00e9dicaux, de beaut\u00e9 et de rajeunissement. <\/span>[\/vc_column_text][\/vc_column][vc_column width=\u00a0\u00bb1\/6&Prime;][\/vc_column][\/vc_row][vc_row][vc_column][vc_separator style=\u00a0\u00bbshadow\u00a0\u00bb border_width=\u00a0\u00bb2&Prime; css=\u00a0\u00bb.vc_custom_1540297530438{padding-top: 40px !important;padding-bottom: 20px !important;}\u00a0\u00bb][\/vc_column][\/vc_row][vc_row][vc_column width=\u00a0\u00bb1\/2&Prime;][vc_single_image image=\u00a0\u00bb1060&Prime; img_size=\u00a0\u00bbfull\u00a0\u00bb alignment=\u00a0\u00bbcenter\u00a0\u00bb style=\u00a0\u00bbvc_box_shadow_border\u00a0\u00bb][\/vc_column][vc_column width=\u00a0\u00bb1\/2&Prime;]<div id=\"cz_67191\" class=\"cz_67191 cz_title clr cz_title_pos_inline tac\"><div class=\"cz_title_shape shape_text cz_shape_1\">LE SPA<\/div><div class=\"cz_title_content\"><div class=\"cz_wpe_content\"><h2 style=\"text-align: center\"><span style=\"font-family: Playball;color: #cc8e5b;font-size: 46px\">Un royaume des sens<\/span><\/h2>\n<\/div><\/div><\/div>[vc_column_text css=\u00a0\u00bb.vc_custom_1540374552291{padding-top: 20px !important;}\u00a0\u00bb]<span style=\"color: #4a4a4a\">En franchissant la porte du Spa vous d\u00e9couvrez un espace de 700 m\u00b2 d\u00e9di\u00e9 \u00e0 votre bien-\u00eatre et \u00e0 votre d\u00e9tente o\u00f9 \u00e9motions et performances se conjuguent harmonieusement pour une v\u00e9ritable invitation au royaume des sens. Venez vous offrir un pur moment de bien-\u00eatre avec les soins THAL&rsquo;ION, laissez vous envo\u00fbt\u00e9s par les huiles essentielles, la musique apaisante et les senteurs subtiles \u00e0 la lueur des bougies pour ressourcer votre peau et apaiser votre stress l\u00e0 o\u00f9 le temps semble s&rsquo;arr\u00eater. Le Spa dispose de 4 cabines de massages, un hammam, 3 bains de jacuzzi, une salle de repos, une piscine couverte, un sauna et une salle de Fitness.<\/span><br \/>\n<em><strong><span style=\"color: #4a4a4a;font-size: 12px\">Ouvert 7j\/7j de 09h00 \u00e0 21h00<\/span><\/strong><\/em>[\/vc_column_text][\/vc_column][\/vc_row][vc_row css=\u00a0\u00bb.vc_custom_1540375306427{padding-top: 20px !important;}\u00a0\u00bb][vc_column width=\u00a0\u00bb1\/2&Prime;]<div id=\"cz_27328\" class=\"cz_27328 cz_title clr cz_title_pos_inline tac\"><div class=\"cz_title_shape shape_text cz_shape_1\">MASSAGES<\/div><div class=\"cz_title_content\"><div class=\"cz_wpe_content\"><h2 style=\"text-align: center\"><span style=\"font-family: Playball;color: #cc8e5b;font-size: 46px\">Un moment de d\u00e9tente<\/span><\/h2>\n<\/div><\/div><\/div>[vc_column_text css=\u00a0\u00bb.vc_custom_1540374738546{padding-top: 20px !important;}\u00a0\u00bb]<span style=\"font-size: 14px;color: #4a4a4a\">Offrez-vous un pur moment de d\u00e9tente avec les soins THAL&rsquo;ION. D\u00e9couvrez les bienfaits de nos massages haut de gamme qui offrent au corps le plaisir d&rsquo;une r\u00e9conciliation avec l&rsquo;esprit. Chaque Type de massage et chaque s\u00e9ance sont uniques, les mains expertes de notre \u00e9quipe viendront apaiser votre stress et prendre soin de vos sens. Le Spa dispose de 4 cabines de massage luxueuses dont une cabine avec un jacuzzi, et d&rsquo;une salle de repos avec une vue imprenable sur les jardins, o\u00f9 vous pouvez prolonger et savourez les bienfaits de votre soin.<\/span>[\/vc_column_text][\/vc_column][vc_column width=\u00a0\u00bb1\/2&Prime;][vc_single_image image=\u00a0\u00bb1064&Prime; img_size=\u00a0\u00bbfull\u00a0\u00bb alignment=\u00a0\u00bbcenter\u00a0\u00bb style=\u00a0\u00bbvc_box_shadow_border\u00a0\u00bb][\/vc_column][\/vc_row][vc_row css=\u00a0\u00bb.vc_custom_1540375297799{padding-top: 20px !important;}\u00a0\u00bb][vc_column width=\u00a0\u00bb1\/2&Prime;][vc_single_image image=\u00a0\u00bb1067&Prime; img_size=\u00a0\u00bbfull\u00a0\u00bb alignment=\u00a0\u00bbcenter\u00a0\u00bb style=\u00a0\u00bbvc_box_shadow_border\u00a0\u00bb][\/vc_column][vc_column width=\u00a0\u00bb1\/2&Prime;]<div id=\"cz_109508\" class=\"cz_109508 cz_title clr cz_title_pos_inline tac\"><div class=\"cz_title_shape shape_text cz_shape_1\">JACUZZI<\/div><div class=\"cz_title_content\"><div class=\"cz_wpe_content\"><h2 style=\"text-align: center\"><span style=\"font-family: Playball;color: #cc8e5b;font-size: 46px\">Une cure de beaut\u00e9<\/span><\/h2>\n<\/div><\/div><\/div>[vc_column_text css=\u00a0\u00bb.vc_custom_1540375009485{padding-top: 20px !important;}\u00a0\u00bb]<span style=\"font-size: 14px;color: #4a4a4a\">Le Spa dispose d\u2019un Hammam qui saura vous apporter une formidable cure de beaut\u00e9 et de purification int\u00e9rieure. Un moment de d\u00e9tente, \u00e0 travers une succession de salles \u00e0 bain de vapeur de plus en plus chaude et une luxueuse salle de repos. Le Spa dispose \u00e9galement de trois bains de jacuzzi qui contribueront \u00e0 \u00e9liminer la fatigue accumul\u00e9e lors de vos journ\u00e9es de travail.<\/span>[\/vc_column_text][\/vc_column][\/vc_row][vc_row css=\u00a0\u00bb.vc_custom_1540375289441{padding-top: 20px !important;}\u00a0\u00bb][vc_column width=\u00a0\u00bb1\/2&Prime;]<div id=\"cz_86318\" class=\"cz_86318 cz_title clr cz_title_pos_inline tac\"><div class=\"cz_title_shape shape_text cz_shape_1\">PISCINE<\/div><div class=\"cz_title_content\"><div class=\"cz_wpe_content\"><h2 style=\"text-align: center\"><span style=\"font-family: Playball;color: #cc8e5b;font-size: 46px\">Un moment de d\u00e9tente<\/span><\/h2>\n<\/div><\/div><\/div>[vc_column_text css=\u00a0\u00bb.vc_custom_1540375279414{padding-top: 20px !important;}\u00a0\u00bb]<span style=\"font-size: 14px;color: #4a4a4a\">Le MIRADOR PALACE HOTEL dispose d&rsquo;un sauna et d&rsquo;une belle piscine couverte dont des baies vitr\u00e9es vous offrent une vue imprenable sur le jardin.<\/span>[\/vc_column_text][\/vc_column][vc_column width=\u00a0\u00bb1\/2&Prime;][vc_single_image image=\u00a0\u00bb1069&Prime; img_size=\u00a0\u00bbfull\u00a0\u00bb alignment=\u00a0\u00bbcenter\u00a0\u00bb style=\u00a0\u00bbvc_box_shadow_border\u00a0\u00bb][\/vc_column][\/vc_row]<\/p>\n<\/div>","protected":false},"excerpt":{"rendered":"<p>[vc_row][vc_column][\/vc_column][\/vc_row][vc_row][vc_column width=\u00a0\u00bb1\/6&Prime;][\/vc_column][vc_column width=\u00a0\u00bb4\/6&Prime;][vc_column_text]Nos soins du visage et du corps aux r\u00e9sultats &#8230; <\/p>\n","protected":false},"author":1,"featured_media":0,"parent":0,"menu_order":0,"comment_status":"closed","ping_status":"closed","template":"","meta":{"footnotes":""},"class_list":["post-1054","page","type-page","status-publish","hentry"],"_links":{"self":[{"href":"https:\/\/miradorpalace.com\/index.php?rest_route=\/wp\/v2\/pages\/1054","targetHints":{"allow":["GET"]}}],"collection":[{"href":"https:\/\/miradorpalace.com\/index.php?rest_route=\/wp\/v2\/pages"}],"about":[{"href":"https:\/\/miradorpalace.com\/index.php?rest_route=\/wp\/v2\/types\/page"}],"author":[{"embeddable":true,"href":"https:\/\/miradorpalace.com\/index.php?rest_route=\/wp\/v2\/users\/1"}],"replies":[{"embeddable":true,"href":"https:\/\/miradorpalace.com\/index.php?rest_route=%2Fwp%2Fv2%2Fcomments&post=1054"}],"version-history":[{"count":0,"href":"https:\/\/miradorpalace.com\/index.php?rest_route=\/wp\/v2\/pages\/1054\/revisions"}],"wp:attachment":[{"href":"https:\/\/miradorpalace.com\/index.php?rest_route=%2Fwp%2Fv2%2Fmedia&parent=1054"}],"curies":[{"name":"wp","href":"https:\/\/api.w.org\/{rel}","templated":true}]}}