{"id":1340,"date":"2017-06-10T08:24:41","date_gmt":"2017-06-10T08:24:41","guid":{"rendered":"http:\/\/xtratheme.comhotel\/?page_id=6"},"modified":"2017-06-10T08:24:41","modified_gmt":"2017-06-10T08:24:41","slug":"about","status":"publish","type":"page","link":"https:\/\/miradorpalace.com\/?page_id=1340","title":{"rendered":"A propos"},"content":{"rendered":"<div class=\"wpb-content-wrapper\"><p>[vc_row][vc_column css=\u00a0\u00bb.vc_custom_1514624789995{padding-right: 50px !important;}\u00a0\u00bb offset=\u00a0\u00bbvc_col-lg-6&Prime;]<div class=\"cz_gap clr  hide_on_tablet hide_on_mobile\" style=\"height: 60px\"><\/div><div class=\"cz_gap show_on_tablet clr  show_only_tablet\" style=\"height: 40px\"><\/div><div class=\"cz_gap show_on_mobile clr\" style=\"height: 30px\"><\/div><div id=\"cz_37172\" class=\"cz_37172 cz_title clr cz_title_pos_inline\"><div class=\"cz_title_shape shape_text cz_shape_1\">A PROPOS<\/div><div class=\"cz_title_content\"><div class=\"cz_wpe_content\"><h2><span style=\"font-size: 46px\"><span style=\"color: #cc8e5b\">Mirador Palace Hotel<br \/>\n<\/span><\/span><\/h2>\n<\/div><\/div><\/div>[vc_column_text]<span style=\"color: #4a4a4a;font-size: 20px\">Le <strong>MIRADOR PALACE HOTEL<\/strong> est un h\u00f4tel de 5*, il est situ\u00e9 en plein centre ville de Chlef et offre une large gamme de services adapt\u00e9s aux besoins de ses clients pour des s\u00e9jours de d\u00e9tente et d\u2019affaires.<\/span><br \/>\n<span style=\"color: #4a4a4a;font-size: 20px\">Le <strong>MIRADOR PALACE HOTEL<\/strong> est situ\u00e9 \u00e0 10mn de l\u2019a\u00e9roport <strong>Aboubakr Belkaid<\/strong> et \u00e0 1mn \u00e0 pied de la gare de Chlef. Construit sur neuf \u00e9tages, dont six sont r\u00e9serv\u00e9s pour les chambres et les suites. L\u2019h\u00f4tel dispose \u00e9galement d\u2019un Spa avec piscine chauff\u00e9e, jacuzzi, Hammam, cabines de massage, sauna, fitness et salon de beaut\u00e9. Ainsi qu\u2019un parking priv\u00e9 gratuit et s\u00e9curis\u00e9. <\/span>[\/vc_column_text][\/vc_column][vc_column offset=\u00a0\u00bbvc_col-lg-6&Prime;]<div class=\"cz_gap clr \" style=\"height: 40px\"><\/div><div id=\"cz_88788\" class=\"cz_88788 cz_image clr cz_image_no_fx\"><div class=\"cz_svg_bg\" ><div class=\"cz_image_in\"><div class=\"cz_main_image\"><img decoding=\"async\" src=\"data:image\/svg+xml,%3Csvg%20xmlns%3D&#39;http%3A%2F%2Fwww.w3.org%2F2000%2Fsvg&#39;%20width=&#39;1000&#39;%20height=&#39;1000&#39;%20viewBox%3D&#39;0%200%201000%201000&#39;%2F%3E\" data-czlz data-src=\"https:\/\/miradorpalace.com\/wp-content\/plugins\/codevz-plus\/assets\/img\/p.svg\" class=\"xtra-placeholder \" width=\"1000\" height=\"1000\" alt=\"image\" \/><\/div><\/div><\/div><\/div><div class=\"cz_gap clr  hide_on_tablet hide_on_mobile\" style=\"height: 50px\"><\/div><div class=\"cz_gap show_on_tablet clr  show_only_tablet\" style=\"height: 20px\"><\/div><div class=\"cz_gap show_on_mobile clr\" style=\"height: 20px\"><\/div>[\/vc_column][\/vc_row][vc_row][vc_column]<div class=\"cz_gap clr  hide_on_tablet hide_on_mobile\" style=\"height: 150px\"><\/div><div class=\"cz_gap show_on_tablet clr \" style=\"height: 100px\"><\/div>[\/vc_column][\/vc_row][vc_row full_width=\u00a0\u00bbstretch_row\u00a0\u00bb parallax=\u00a0\u00bbcontent-moving\u00a0\u00bb parallax_image=\u00a0\u00bb1127&Prime; css=\u00a0\u00bb.vc_custom_1551286093860{padding-top: 140px !important;padding-bottom: 140px !important;}\u00a0\u00bb][vc_column offset=\u00a0\u00bbvc_col-lg-6&Prime;]<div id=\"cz_15655\" class=\"cz_grid_p cz_15655\"><div class=\"cz_grid cz_grid_1 clr cz_metro_9 cz_grid_c6 cz_grid_1_no_title cz_grid_1_mid tac\"><div class=\"cz_grid_item cz_grid_first\"><\/div><div class=\"cz_grid_item \"><div><a class=\"cz_grid_link \" href=\"https:\/\/miradorpalace.com\/wp-content\/plugins\/codevz-plus\/assets\/img\/p.svg\" data-xtra-lightbox><img decoding=\"async\" src=\"data:image\/svg+xml,%3Csvg%20xmlns%3D&#39;http%3A%2F%2Fwww.w3.org%2F2000%2Fsvg&#39;%20width=&#39;1000&#39;%20height=&#39;1000&#39;%20viewBox%3D&#39;0%200%201000%201000&#39;%2F%3E\" data-czlz data-src=\"https:\/\/miradorpalace.com\/wp-content\/plugins\/codevz-plus\/assets\/img\/p.svg\" class=\"xtra-placeholder \" width=\"1000\" height=\"1000\" alt=\"image\" \/><div class=\"cz_grid_details\"><i class=\"fa fa-search cz_grid_icon\"><\/i><\/div><\/a><\/div><\/div><div class=\"cz_grid_item \"><div><a class=\"cz_grid_link \" href=\"https:\/\/miradorpalace.com\/wp-content\/plugins\/codevz-plus\/assets\/img\/p.svg\" data-xtra-lightbox><img decoding=\"async\" src=\"data:image\/svg+xml,%3Csvg%20xmlns%3D&#39;http%3A%2F%2Fwww.w3.org%2F2000%2Fsvg&#39;%20width=&#39;1000&#39;%20height=&#39;1000&#39;%20viewBox%3D&#39;0%200%201000%201000&#39;%2F%3E\" data-czlz data-src=\"https:\/\/miradorpalace.com\/wp-content\/plugins\/codevz-plus\/assets\/img\/p.svg\" class=\"xtra-placeholder \" width=\"1000\" height=\"1000\" alt=\"image\" \/><div class=\"cz_grid_details\"><i class=\"fa fa-search cz_grid_icon\"><\/i><\/div><\/a><\/div><\/div><div class=\"cz_grid_item \"><div><a class=\"cz_grid_link \" href=\"https:\/\/miradorpalace.com\/wp-content\/plugins\/codevz-plus\/assets\/img\/p.svg\" data-xtra-lightbox><img decoding=\"async\" src=\"data:image\/svg+xml,%3Csvg%20xmlns%3D&#39;http%3A%2F%2Fwww.w3.org%2F2000%2Fsvg&#39;%20width=&#39;1000&#39;%20height=&#39;1000&#39;%20viewBox%3D&#39;0%200%201000%201000&#39;%2F%3E\" data-czlz data-src=\"https:\/\/miradorpalace.com\/wp-content\/plugins\/codevz-plus\/assets\/img\/p.svg\" class=\"xtra-placeholder \" width=\"1000\" height=\"1000\" alt=\"image\" \/><div class=\"cz_grid_details\"><i class=\"fa fa-search cz_grid_icon\"><\/i><\/div><\/a><\/div><\/div><div class=\"cz_grid_item \"><div><a class=\"cz_grid_link \" href=\"https:\/\/miradorpalace.com\/wp-content\/plugins\/codevz-plus\/assets\/img\/p.svg\" data-xtra-lightbox><img decoding=\"async\" src=\"data:image\/svg+xml,%3Csvg%20xmlns%3D&#39;http%3A%2F%2Fwww.w3.org%2F2000%2Fsvg&#39;%20width=&#39;1000&#39;%20height=&#39;1000&#39;%20viewBox%3D&#39;0%200%201000%201000&#39;%2F%3E\" data-czlz data-src=\"https:\/\/miradorpalace.com\/wp-content\/plugins\/codevz-plus\/assets\/img\/p.svg\" class=\"xtra-placeholder \" width=\"1000\" height=\"1000\" alt=\"image\" \/><div class=\"cz_grid_details\"><i class=\"fa fa-search cz_grid_icon\"><\/i><\/div><\/a><\/div><\/div><div class=\"cz_grid_item \"><div><a class=\"cz_grid_link \" href=\"https:\/\/miradorpalace.com\/wp-content\/plugins\/codevz-plus\/assets\/img\/p.svg\" data-xtra-lightbox><img decoding=\"async\" src=\"data:image\/svg+xml,%3Csvg%20xmlns%3D&#39;http%3A%2F%2Fwww.w3.org%2F2000%2Fsvg&#39;%20width=&#39;1000&#39;%20height=&#39;1000&#39;%20viewBox%3D&#39;0%200%201000%201000&#39;%2F%3E\" data-czlz data-src=\"https:\/\/miradorpalace.com\/wp-content\/plugins\/codevz-plus\/assets\/img\/p.svg\" class=\"xtra-placeholder \" width=\"1000\" height=\"1000\" alt=\"image\" \/><div class=\"cz_grid_details\"><i class=\"fa fa-search cz_grid_icon\"><\/i><\/div><\/a><\/div><\/div><div class=\"cz_grid_item \"><div><a class=\"cz_grid_link \" href=\"https:\/\/miradorpalace.com\/wp-content\/plugins\/codevz-plus\/assets\/img\/p.svg\" data-xtra-lightbox><img decoding=\"async\" src=\"data:image\/svg+xml,%3Csvg%20xmlns%3D&#39;http%3A%2F%2Fwww.w3.org%2F2000%2Fsvg&#39;%20width=&#39;1000&#39;%20height=&#39;1000&#39;%20viewBox%3D&#39;0%200%201000%201000&#39;%2F%3E\" data-czlz data-src=\"https:\/\/miradorpalace.com\/wp-content\/plugins\/codevz-plus\/assets\/img\/p.svg\" class=\"xtra-placeholder \" width=\"1000\" height=\"1000\" alt=\"image\" \/><div class=\"cz_grid_details\"><i class=\"fa fa-search cz_grid_icon\"><\/i><\/div><\/a><\/div><\/div><div class=\"cz_grid_item \"><div><a class=\"cz_grid_link \" href=\"https:\/\/miradorpalace.com\/wp-content\/plugins\/codevz-plus\/assets\/img\/p.svg\" data-xtra-lightbox><img decoding=\"async\" src=\"data:image\/svg+xml,%3Csvg%20xmlns%3D&#39;http%3A%2F%2Fwww.w3.org%2F2000%2Fsvg&#39;%20width=&#39;1000&#39;%20height=&#39;1000&#39;%20viewBox%3D&#39;0%200%201000%201000&#39;%2F%3E\" data-czlz data-src=\"https:\/\/miradorpalace.com\/wp-content\/plugins\/codevz-plus\/assets\/img\/p.svg\" class=\"xtra-placeholder \" width=\"1000\" height=\"1000\" alt=\"image\" \/><div class=\"cz_grid_details\"><i class=\"fa fa-search cz_grid_icon\"><\/i><\/div><\/a><\/div><\/div><div class=\"cz_grid_item \"><div><a class=\"cz_grid_link \" href=\"https:\/\/miradorpalace.com\/wp-content\/plugins\/codevz-plus\/assets\/img\/p.svg\" data-xtra-lightbox><img decoding=\"async\" src=\"data:image\/svg+xml,%3Csvg%20xmlns%3D&#39;http%3A%2F%2Fwww.w3.org%2F2000%2Fsvg&#39;%20width=&#39;1000&#39;%20height=&#39;1000&#39;%20viewBox%3D&#39;0%200%201000%201000&#39;%2F%3E\" data-czlz data-src=\"https:\/\/miradorpalace.com\/wp-content\/plugins\/codevz-plus\/assets\/img\/p.svg\" class=\"xtra-placeholder \" width=\"1000\" height=\"1000\" alt=\"image\" \/><div class=\"cz_grid_details\"><i class=\"fa fa-search cz_grid_icon\"><\/i><\/div><\/a><\/div><\/div><\/div><\/div>[\/vc_column][vc_column css=\u00a0\u00bb.vc_custom_1514624824508{padding-left: 50px !important;}\u00a0\u00bb offset=\u00a0\u00bbvc_col-lg-6&Prime;]<div id=\"cz_90147\" class=\"cz_90147 cz_title clr cz_title_pos_inline\"><div class=\"cz_title_shape shape_text cz_shape_1\">BUSINESS<\/div><div class=\"cz_title_content\"><div class=\"cz_wpe_content\"><h2><span style=\"font-size: 46px\"><span style=\"color: #ffffff\">Aper\u00e7u de<\/span> <span style=\"color: #cc8e5b\">l&rsquo;H\u00f4tel<\/span><\/span><\/h2>\n<\/div><\/div><\/div>[vc_column_text]<span style=\"color: #d1d1d1;font-size: 16px\">Le MIRADOR PALACE est un h\u00f4tel unique et moderne con\u00e7u pour les clients pour lesquels le mot d&rsquo;ordre est la perfection. Situ\u00e9 dans un quartier d&rsquo;affaire, cet h\u00f4tel surplombe les centres d&rsquo;int\u00e9r\u00eats de la ville de Chlef.<\/span><br \/>\n<span style=\"color: #d1d1d1;font-size: 16px\">L&rsquo;h\u00f4tel est facilement accessible en voiture depuis l&rsquo;a\u00e9roport. Il est situ\u00e9 \u00e0 une minutes seulement de gare de trains. Il vous propose deux restaurants, une cafeteria et un salon de th\u00e9 offrant une atmosph\u00e8re orientale. D\u00e9tendez-vous au spa, qui comprend une piscine et un club de fitness.<\/span>[\/vc_column_text][\/vc_column][\/vc_row][vc_row][vc_column]<div class=\"cz_gap clr  hide_on_tablet hide_on_mobile\" style=\"height: 140px\"><\/div><div class=\"cz_gap show_on_tablet clr \" style=\"height: 100px\"><\/div>[\/vc_column][\/vc_row][vc_row][vc_column]<div id=\"cz_49813\" class=\"cz_49813 cz_title clr cz_title_pos_inline\"><div class=\"cz_title_shape shape_text cz_shape_1\">SERVICES<\/div><div class=\"cz_title_content\"><div class=\"cz_wpe_content\"><h3>Nos <span style=\"color: #cc8e5b\">Services<\/span><\/h3>\n<\/div><\/div><\/div><div class=\"cz_gap clr  hide_on_tablet hide_on_mobile\" style=\"height: 50px\"><\/div><div class=\"cz_gap show_on_tablet clr \" style=\"height: 70px\"><\/div>[vc_row_inner][vc_column_inner width=\u00a0\u00bb1\/5&Prime;]<ul id=\"cz_13513\" class=\"cz_13513 cz_stylish_list clr cz_sl_icon_hover_zoom_in\"><li class=\"clr\"><div class=\"cz_sl_icon\"><i class=\"fa fa-bed mr10\"><\/i><\/div><div><span>119 Chambres<\/span><\/div><\/li><li class=\"clr\"><div class=\"cz_sl_icon\"><i class=\"fa fa-wifi mr10\"><\/i><\/div><div><span>WiFi Haut d\u00e9bit<\/span><\/div><\/li><li class=\"clr\"><div class=\"cz_sl_icon\"><i class=\"fa fa-tv mr10\"><\/i><\/div><div><span>TV Satellite<\/span><\/div><\/li><li class=\"clr\"><div class=\"cz_sl_icon\"><i class=\"fa fa-bell mr10\"><\/i><\/div><div><span>24\/24 Service de chambre<\/span><\/div><\/li><\/ul>[\/vc_column_inner][vc_column_inner width=\u00a0\u00bb1\/5&Prime;]<ul id=\"cz_24733\" class=\"cz_24733 cz_stylish_list clr cz_sl_icon_hover_zoom_in\"><li class=\"clr\"><div class=\"cz_sl_icon\"><i class=\"fa czico-020-shopping-basket-1 mr10\"><\/i><\/div><div><span>Blanchisserie<\/span><\/div><\/li><li class=\"clr\"><div class=\"cz_sl_icon\"><i class=\"fa fa-cutlery mr10\"><\/i><\/div><div><span>2 restaurants<\/span><\/div><\/li><li class=\"clr\"><div class=\"cz_sl_icon\"><i class=\"fa fa-coffee mr10\"><\/i><\/div><div><span>Caf\u00e9t\u00e9ria et Salon de th\u00e9<\/span><\/div><\/li><li class=\"clr\"><div class=\"cz_sl_icon\"><i class=\"fa fa-eercast mr10\"><\/i><\/div><div><span>Piscine couverte<\/span><\/div><\/li><\/ul>[\/vc_column_inner][vc_column_inner width=\u00a0\u00bb1\/5&Prime;]<ul id=\"cz_94744\" class=\"cz_94744 cz_stylish_list clr cz_sl_icon_hover_zoom_in\"><li class=\"clr\"><div class=\"cz_sl_icon\"><i class=\"fa fa-tint mr10\"><\/i><\/div><div><span>Salon de beaut\u00e9<\/span><\/div><\/li><li class=\"clr\"><div class=\"cz_sl_icon\"><i class=\"fa fa-shower mr10\"><\/i><\/div><div><span>SPA<\/span><\/div><\/li><li class=\"clr\"><div class=\"cz_sl_icon\"><i class=\"fa fa-child mr10\"><\/i><\/div><div><span>Fitness<\/span><\/div><\/li><li class=\"clr\"><div class=\"cz_sl_icon\"><i class=\"fa czico-055-conversation mr10\"><\/i><\/div><div><span>Salle de conf\u00e9rences<\/span><\/div><\/li><\/ul>[\/vc_column_inner][vc_column_inner width=\u00a0\u00bb1\/5&Prime;]<ul id=\"cz_33882\" class=\"cz_33882 cz_stylish_list clr cz_sl_icon_hover_zoom_in\"><li class=\"clr\"><div class=\"cz_sl_icon\"><i class=\"fa fa-birthday-cake mr10\"><\/i><\/div><div><span>Salle de f\u00eates<\/span><\/div><\/li><li class=\"clr\"><div class=\"cz_sl_icon\"><i class=\"fa fa-car mr10\"><\/i><\/div><div><span>Parking Gratuit et s\u00e9curis\u00e9<\/span><\/div><\/li><li class=\"clr\"><div class=\"cz_sl_icon\"><i class=\"fa fa-suitcase mr10\"><\/i><\/div><div><span>Bagagerie<\/span><\/div><\/li><li class=\"clr\"><div class=\"cz_sl_icon\"><i class=\"fa fa-taxi mr10\"><\/i><\/div><div><span>Voiturier<\/span><\/div><\/li><\/ul>[\/vc_column_inner][vc_column_inner width=\u00a0\u00bb1\/5&Prime;]<ul id=\"cz_74295\" class=\"cz_74295 cz_stylish_list clr cz_sl_icon_hover_zoom_in\"><li class=\"clr\"><div class=\"cz_sl_icon\"><i class=\"fa czico-082-shop mr10\"><\/i><\/div><div><span>Caf\u00e9t\u00e9ria terrasse<\/span><\/div><\/li><li class=\"clr\"><div class=\"cz_sl_icon\"><i class=\"fa fa-slideshare mr10\"><\/i><\/div><div><span>Salles de commissions<\/span><\/div><\/li><li class=\"clr\"><div class=\"cz_sl_icon\"><i class=\"fa czico-097-user-3 mr10\"><\/i><\/div><div><span>Salon VIP<\/span><\/div><\/li><\/ul>[\/vc_column_inner][\/vc_row_inner][\/vc_column][\/vc_row]<\/p>\n<\/div>","protected":false},"excerpt":{"rendered":"<p>[vc_row][vc_column css=\u00a0\u00bb.vc_custom_1514624789995{padding-right: 50px !important;}\u00a0\u00bb offset=\u00a0\u00bbvc_col-lg-6&Prime;][vc_column_text]Le MIRADOR PALACE HOTEL est un h\u00f4tel &#8230; <\/p>\n","protected":false},"author":1,"featured_media":0,"parent":0,"menu_order":0,"comment_status":"closed","ping_status":"closed","template":"","meta":{"footnotes":""},"class_list":["post-1340","page","type-page","status-publish","hentry"],"_links":{"self":[{"href":"https:\/\/miradorpalace.com\/index.php?rest_route=\/wp\/v2\/pages\/1340","targetHints":{"allow":["GET"]}}],"collection":[{"href":"https:\/\/miradorpalace.com\/index.php?rest_route=\/wp\/v2\/pages"}],"about":[{"href":"https:\/\/miradorpalace.com\/index.php?rest_route=\/wp\/v2\/types\/page"}],"author":[{"embeddable":true,"href":"https:\/\/miradorpalace.com\/index.php?rest_route=\/wp\/v2\/users\/1"}],"replies":[{"embeddable":true,"href":"https:\/\/miradorpalace.com\/index.php?rest_route=%2Fwp%2Fv2%2Fcomments&post=1340"}],"version-history":[{"count":0,"href":"https:\/\/miradorpalace.com\/index.php?rest_route=\/wp\/v2\/pages\/1340\/revisions"}],"wp:attachment":[{"href":"https:\/\/miradorpalace.com\/index.php?rest_route=%2Fwp%2Fv2%2Fmedia&parent=1340"}],"curies":[{"name":"wp","href":"https:\/\/api.w.org\/{rel}","templated":true}]}}