{"id":700,"date":"2017-12-30T09:58:29","date_gmt":"2017-12-30T09:58:29","guid":{"rendered":"http:\/\/xtratheme.com\/hotel\/?page_id=700"},"modified":"2017-12-30T09:58:29","modified_gmt":"2017-12-30T09:58:29","slug":"reservation","status":"publish","type":"page","link":"https:\/\/miradorpalace.com\/?page_id=700","title":{"rendered":"Reservation"},"content":{"rendered":"<div class=\"wpb-content-wrapper\"><p>[vc_row][vc_column]<div class=\"cz_gap clr \" style=\"height: 30px\"><\/div><div id=\"cz_104972\" class=\"cz_104972 cz_title clr cz_title_pos_inline tac\"><div class=\"cz_title_shape shape_text cz_shape_1\">RESERVATION<\/div><div class=\"cz_title_content\"><div class=\"cz_wpe_content\"><h2 style=\"text-align: center\"><span style=\"font-size: 46px\">R\u00e9servation <span style=\"color: #cc8e5b\">en Ligne<\/span><\/span><\/h2>\n<\/div><\/div><\/div><div class=\"cz_gap clr \" style=\"height: 60px\"><\/div>[vc_column_text]<\/p>\n<p style=\"text-align: center\"><span style=\"font-size: 18px\">Anim\u00e9s par notre passion de l&rsquo;hospitalit\u00e9, nous travaillons sans rel\u00e2che pour vous proposer les meilleurs prix sur vos s\u00e9jours.<\/span><\/p>\n<p>[\/vc_column_text]<div class=\"cz_gap clr \" style=\"height: 50px\"><\/div>[\/vc_column][\/vc_row][vc_row][vc_column width=\u00a0\u00bb1\/6&Prime;][\/vc_column][vc_column offset=\u00a0\u00bbvc_col-lg-8&Prime;]<div id=\"cz_52494\" class=\"cz_52494 cz_cf7 clr\"><div>\n<div class=\"wpcf7 no-js\" id=\"wpcf7-f733-o1\" lang=\"en-US\" dir=\"ltr\" data-wpcf7-id=\"733\">\n<div class=\"screen-reader-response\"><p role=\"status\" aria-live=\"polite\" aria-atomic=\"true\"><\/p> <ul><\/ul><\/div>\n<form action=\"\/index.php?rest_route=%2Fwp%2Fv2%2Fpages%2F700#wpcf7-f733-o1\" method=\"post\" class=\"wpcf7-form init\" aria-label=\"Contact form\" novalidate=\"novalidate\" data-status=\"init\">\n<fieldset class=\"hidden-fields-container\"><input type=\"hidden\" name=\"_wpcf7\" value=\"733\" \/><input type=\"hidden\" name=\"_wpcf7_version\" value=\"6.1.1\" \/><input type=\"hidden\" name=\"_wpcf7_locale\" value=\"en_US\" \/><input type=\"hidden\" name=\"_wpcf7_unit_tag\" value=\"wpcf7-f733-o1\" \/><input type=\"hidden\" name=\"_wpcf7_container_post\" value=\"0\" \/><input type=\"hidden\" name=\"_wpcf7_posted_data_hash\" value=\"\" \/>\n<\/fieldset>\n<p><label> Votre Nom <\/label><br \/>\n<span class=\"wpcf7-form-control-wrap\" data-name=\"your-name\"><input size=\"40\" maxlength=\"400\" class=\"wpcf7-form-control wpcf7-text wpcf7-validates-as-required\" aria-required=\"true\" aria-invalid=\"false\" value=\"\" type=\"text\" name=\"your-name\" \/><\/span>\n<\/p>\n<p><label> Votre Email <\/label><br \/>\n<span class=\"wpcf7-form-control-wrap\" data-name=\"your-email\"><input size=\"40\" maxlength=\"400\" class=\"wpcf7-form-control wpcf7-email wpcf7-validates-as-required wpcf7-text wpcf7-validates-as-email\" aria-required=\"true\" aria-invalid=\"false\" value=\"\" type=\"email\" name=\"your-email\" \/><\/span>\n<\/p>\n<p><label> Votre T\u00e9l\u00e9phone <\/label><br \/>\n<span class=\"wpcf7-form-control-wrap\" data-name=\"your-phone\"><input size=\"40\" maxlength=\"400\" class=\"wpcf7-form-control wpcf7-text wpcf7-validates-as-required\" aria-required=\"true\" aria-invalid=\"false\" value=\"\" type=\"text\" name=\"your-phone\" \/><\/span>\n<\/p>\n<p><label> Arriv\u00e9e <\/label><br \/>\n<span class=\"wpcf7-form-control-wrap\" data-name=\"date-559\"><input class=\"wpcf7-form-control wpcf7-date wpcf7-validates-as-required wpcf7-validates-as-date\" aria-required=\"true\" aria-invalid=\"false\" value=\"\" type=\"date\" name=\"date-559\" \/><\/span>\n<\/p>\n<p><label> D\u00e9part <\/label><br \/>\n<span class=\"wpcf7-form-control-wrap\" data-name=\"date-558\"><input class=\"wpcf7-form-control wpcf7-date wpcf7-validates-as-required wpcf7-validates-as-date\" aria-required=\"true\" aria-invalid=\"false\" value=\"\" type=\"date\" name=\"date-558\" \/><\/span>\n<\/p>\n<p><label>Type de Chambre<\/label><br \/>\n<span class=\"wpcf7-form-control-wrap\" data-name=\"menu-177\"><select class=\"wpcf7-form-control wpcf7-select wpcf7-validates-as-required\" aria-required=\"true\" aria-invalid=\"false\" name=\"menu-177\"><option value=\"Chambre Single\">Chambre Single<\/option><option value=\"Chambre Standard\">Chambre Standard<\/option><option value=\"Chambre Queen\">Chambre Queen<\/option><option value=\"Suite\">Suite<\/option><\/select><\/span>\n<\/p>\n<p><label>Services Extra ?<\/label><br \/>\n<span class=\"wpcf7-form-control-wrap\" data-name=\"menu-178\"><select class=\"wpcf7-form-control wpcf7-select wpcf7-validates-as-required\" aria-required=\"true\" aria-invalid=\"false\" name=\"menu-178\"><option value=\"Non\">Non<\/option><option value=\"Oui s&#039;il vous pla\u00eet\">Oui s&#039;il vous pla\u00eet<\/option><\/select><\/span>\n<\/p>\n<p><label>Adultes<\/label><br \/>\n<span class=\"wpcf7-form-control-wrap\" data-name=\"menu-179\"><select class=\"wpcf7-form-control wpcf7-select wpcf7-validates-as-required\" aria-required=\"true\" aria-invalid=\"false\" name=\"menu-179\"><option value=\"1\">1<\/option><option value=\"2\">2<\/option><option value=\"3\">3<\/option><option value=\"4\">4<\/option><\/select><\/span>\n<\/p>\n<p><label>Enfants<\/label><br \/>\n<span class=\"wpcf7-form-control-wrap\" data-name=\"menu-180\"><select class=\"wpcf7-form-control wpcf7-select wpcf7-validates-as-required\" aria-required=\"true\" aria-invalid=\"false\" name=\"menu-180\"><option value=\"0\">0<\/option><option value=\"1\">1<\/option><option value=\"2\">2<\/option><option value=\"3\">3<\/option><option value=\"4\">4<\/option><\/select><\/span>\n<\/p>\n<p><label> Extra Information <\/label><br \/>\n<span class=\"wpcf7-form-control-wrap\" data-name=\"your-message\"><textarea cols=\"40\" rows=\"10\" maxlength=\"2000\" class=\"wpcf7-form-control wpcf7-textarea\" aria-invalid=\"false\" name=\"your-message\"><\/textarea><\/span>\n<\/p>\n<p><input class=\"wpcf7-form-control wpcf7-submit has-spinner\" type=\"submit\" value=\"Envoyer\" \/>\n<\/p><div class=\"wpcf7-response-output\" aria-hidden=\"true\"><\/div>\n<\/form>\n<\/div>\n<\/div><\/div>[\/vc_column][vc_column width=\u00a0\u00bb1\/6&Prime;][\/vc_column][\/vc_row][vc_row][vc_column]<div class=\"cz_gap clr \" style=\"height: 80px\"><\/div>[\/vc_column][\/vc_row]<\/p>\n<\/div>","protected":false},"excerpt":{"rendered":"<p>[vc_row][vc_column][vc_column_text] Anim\u00e9s par notre passion de l&rsquo;hospitalit\u00e9, nous travaillons sans rel\u00e2che &#8230; <\/p>\n","protected":false},"author":1,"featured_media":0,"parent":0,"menu_order":0,"comment_status":"closed","ping_status":"closed","template":"","meta":{"footnotes":""},"class_list":["post-700","page","type-page","status-publish","hentry"],"_links":{"self":[{"href":"https:\/\/miradorpalace.com\/index.php?rest_route=\/wp\/v2\/pages\/700","targetHints":{"allow":["GET"]}}],"collection":[{"href":"https:\/\/miradorpalace.com\/index.php?rest_route=\/wp\/v2\/pages"}],"about":[{"href":"https:\/\/miradorpalace.com\/index.php?rest_route=\/wp\/v2\/types\/page"}],"author":[{"embeddable":true,"href":"https:\/\/miradorpalace.com\/index.php?rest_route=\/wp\/v2\/users\/1"}],"replies":[{"embeddable":true,"href":"https:\/\/miradorpalace.com\/index.php?rest_route=%2Fwp%2Fv2%2Fcomments&post=700"}],"version-history":[{"count":0,"href":"https:\/\/miradorpalace.com\/index.php?rest_route=\/wp\/v2\/pages\/700\/revisions"}],"wp:attachment":[{"href":"https:\/\/miradorpalace.com\/index.php?rest_route=%2Fwp%2Fv2%2Fmedia&parent=700"}],"curies":[{"name":"wp","href":"https:\/\/api.w.org\/{rel}","templated":true}]}}